{"id":6829,"date":"2025-09-13T18:44:43","date_gmt":"2025-09-13T18:44:43","guid":{"rendered":"https:\/\/thitheo3g.com\/?post_type=product&#038;p=6829"},"modified":"2025-09-13T18:50:46","modified_gmt":"2025-09-13T18:50:46","slug":"bo-cuon-la-lot-3g","status":"publish","type":"product","link":"https:\/\/thitheo3g.com\/?product=bo-cuon-la-lot-3g","title":{"rendered":"B\u00f2 cu\u1ed1n l\u00e1 l\u1ed1t 3G"},"content":{"rendered":"<p>Th\u1ecbt b\u00f2 cu\u1ed1n l\u00e1 l\u1ed1t 3G th\u01a1m ngon!<\/p>\n","protected":false},"excerpt":{"rendered":"<p class=\"p1\">B\u00f2 cu\u1ed1n L\u00e1 l\u1ed1t 3G- H\u01b0\u01a1ng v\u1ecb truy\u1ec1n th\u1ed1ng, th\u01a1m ngon kh\u00f3 c\u01b0\u1ee1ng!<br class=\"html-br\" \/>B\u00f2 cu\u1ed1n l\u00e1 l\u1ed1t 3G l\u00e0 m\u1ed9t m\u00f3n \u0103n d\u00e2n d\u00e3 nh\u01b0ng v\u00f4 c\u00f9ng \u0111\u1eb7c bi\u1ec7t, mang \u0111\u1eadm n\u00e9t v\u0103n h\u00f3a \u1ea9m th\u1ef1c Vi\u1ec7t Nam. Ng\u01b0\u1eddi ta th\u01b0\u1eddng b\u1eaft g\u1eb7p m\u00f3n \u0103n n\u00e0y trong nh\u1eefng b\u1eefa c\u01a1m gia \u0111\u00ecnh gi\u1ea3n d\u1ecb hay nh\u1eefng bu\u1ed5i ti\u1ec7c t\u00f9ng sum v\u1ea7y hay ngay t\u1ea1i c\u00e1c qu\u00e1n nh\u1eadu th\u00e2n quen.<\/p>\n","protected":false},"featured_media":6830,"comment_status":"open","ping_status":"closed","template":"","meta":[],"product_brand":[],"product_cat":[14,85],"product_tag":[],"class_list":{"0":"post-6829","1":"product","2":"type-product","3":"status-publish","4":"has-post-thumbnail","6":"product_cat-best-sellers","7":"product_cat-mon-che-bien-san","9":"first","10":"instock","11":"shipping-taxable","12":"purchasable","13":"product-type-simple"},"_links":{"self":[{"href":"https:\/\/thitheo3g.com\/index.php?rest_route=\/wp\/v2\/product\/6829","targetHints":{"allow":["GET"]}}],"collection":[{"href":"https:\/\/thitheo3g.com\/index.php?rest_route=\/wp\/v2\/product"}],"about":[{"href":"https:\/\/thitheo3g.com\/index.php?rest_route=\/wp\/v2\/types\/product"}],"replies":[{"embeddable":true,"href":"https:\/\/thitheo3g.com\/index.php?rest_route=%2Fwp%2Fv2%2Fcomments&post=6829"}],"wp:featuredmedia":[{"embeddable":true,"href":"https:\/\/thitheo3g.com\/index.php?rest_route=\/wp\/v2\/media\/6830"}],"wp:attachment":[{"href":"https:\/\/thitheo3g.com\/index.php?rest_route=%2Fwp%2Fv2%2Fmedia&parent=6829"}],"wp:term":[{"taxonomy":"product_brand","embeddable":true,"href":"https:\/\/thitheo3g.com\/index.php?rest_route=%2Fwp%2Fv2%2Fproduct_brand&post=6829"},{"taxonomy":"product_cat","embeddable":true,"href":"https:\/\/thitheo3g.com\/index.php?rest_route=%2Fwp%2Fv2%2Fproduct_cat&post=6829"},{"taxonomy":"product_tag","embeddable":true,"href":"https:\/\/thitheo3g.com\/index.php?rest_route=%2Fwp%2Fv2%2Fproduct_tag&post=6829"}],"curies":[{"name":"wp","href":"https:\/\/api.w.org\/{rel}","templated":true}]}}